{"id":500,"date":"2020-11-17T09:07:52","date_gmt":"2020-11-17T09:07:52","guid":{"rendered":"https:\/\/www.ekosher.eu\/?page_id=500"},"modified":"2021-01-21T14:44:22","modified_gmt":"2021-01-21T14:44:22","slug":"why-kosher-pl","status":"publish","type":"page","link":"https:\/\/www.ekosher.eu\/pl\/why-kosher-pl\/","title":{"rendered":"Why Kosher? &#8211; PL"},"content":{"rendered":"\t\t<div data-elementor-type=\"wp-page\" data-elementor-id=\"500\" class=\"elementor elementor-500 elementor-15\" data-elementor-settings=\"[]\">\n\t\t\t\t\t\t<div class=\"elementor-inner\">\n\t\t\t\t\t\t\t<div class=\"elementor-section-wrap\">\n\t\t\t\t\t\t\t<section class=\"elementor-section elementor-top-section elementor-element elementor-element-2bda4c0 elementor-section-height-min-height elementor-section-boxed elementor-section-height-default elementor-section-items-middle\" data-id=\"2bda4c0\" data-element_type=\"section\" data-settings=\"{&quot;background_background&quot;:&quot;classic&quot;}\">\n\t\t\t\t\t\t<div class=\"elementor-container elementor-column-gap-default\">\n\t\t\t\t\t\t\t<div class=\"elementor-row\">\n\t\t\t\t\t<div class=\"elementor-column elementor-col-100 elementor-top-column elementor-element elementor-element-3b5b1a6\" data-id=\"3b5b1a6\" data-element_type=\"column\">\n\t\t\t<div class=\"elementor-column-wrap\">\n\t\t\t\t\t\t\t<div class=\"elementor-widget-wrap\">\n\t\t\t\t\t\t\t\t<\/div>\n\t\t\t\t\t<\/div>\n\t\t<\/div>\n\t\t\t\t\t\t\t\t<\/div>\n\t\t\t\t\t<\/div>\n\t\t<\/section>\n\t\t\t\t<section class=\"elementor-section elementor-top-section elementor-element elementor-element-909cf23 elementor-section-height-min-height elementor-section-boxed elementor-section-height-default elementor-section-items-middle\" data-id=\"909cf23\" data-element_type=\"section\">\n\t\t\t\t\t\t<div class=\"elementor-container elementor-column-gap-default\">\n\t\t\t\t\t\t\t<div class=\"elementor-row\">\n\t\t\t\t\t<div class=\"elementor-column elementor-col-100 elementor-top-column elementor-element elementor-element-471144c\" data-id=\"471144c\" data-element_type=\"column\" data-settings=\"{&quot;background_background&quot;:&quot;classic&quot;}\">\n\t\t\t<div class=\"elementor-column-wrap elementor-element-populated\">\n\t\t\t\t\t\t\t<div class=\"elementor-widget-wrap\">\n\t\t\t\t\t\t<div class=\"elementor-element elementor-element-5deff51 elementor-widget elementor-widget-heading\" data-id=\"5deff51\" data-element_type=\"widget\" data-widget_type=\"heading.default\">\n\t\t\t\t<div class=\"elementor-widget-container\">\n\t\t\t<h2 class=\"elementor-heading-title elementor-size-default\">Dlaczego <BR>Koszerne?<\/h2>\t\t<\/div>\n\t\t\t\t<\/div>\n\t\t\t\t<div class=\"elementor-element elementor-element-9945c70 elementor-widget elementor-widget-heading\" data-id=\"9945c70\" data-element_type=\"widget\" data-widget_type=\"heading.default\">\n\t\t\t\t<div class=\"elementor-widget-container\">\n\t\t\t<h2 class=\"elementor-heading-title elementor-size-default\">Wymagania \u015bwiatowego rynku\n\n<\/h2>\t\t<\/div>\n\t\t\t\t<\/div>\n\t\t\t\t<div class=\"elementor-element elementor-element-5965e33 elementor-widget-divider--view-line elementor-widget elementor-widget-divider\" data-id=\"5965e33\" data-element_type=\"widget\" data-widget_type=\"divider.default\">\n\t\t\t\t<div class=\"elementor-widget-container\">\n\t\t\t\t\t<div class=\"elementor-divider\">\n\t\t\t<span class=\"elementor-divider-separator\">\n\t\t\t\t\t\t<\/span>\n\t\t<\/div>\n\t\t\t\t<\/div>\n\t\t\t\t<\/div>\n\t\t\t\t<div class=\"elementor-element elementor-element-c838be1 elementor-widget elementor-widget-text-editor\" data-id=\"c838be1\" data-element_type=\"widget\" data-widget_type=\"text-editor.default\">\n\t\t\t\t<div class=\"elementor-widget-container\">\n\t\t\t\t\t<div class=\"elementor-text-editor elementor-clearfix\"><p>\u201eKoszerne\u201d jest s\u0142owem hebrajskim, kt\u00f3re oznacza \u201eodpowiedni\u201d, albo \u201ew\u0142a\u015bciwy\u201d. Gdy stosujemy to s\u0142owo odno\u015bnie produkt\u00f3w \u017cywnosciowych \u201ekoszerne\u201d oznacza, \u017ce okre\u015blony produkt jest zgodny z wymogami \u017cywieniowymi \u017cydowskiego prawa.<\/p><p>Chocia\u017c s\u0142owo \u201ekoszerny\u201d odnosi si\u0119 szczeg\u00f3lnie do \u017cydowskiego prawa \u017cywieniowego, to koszerne produkty s\u0105 tak\u017ce atrakcyjne w \u015brodowisku wegetarian, muzu\u0142ma\u0144skim oraz dla wielu grup ludzi z ca\u0142ego \u015bwiata, kt\u00f3rzy maj\u0105 do nich zaufanie a na kupowanych produktach \u017cywno\u015bciowych poszukuj\u0105 symbolu koszernego.<\/p><\/div>\n\t\t\t\t<\/div>\n\t\t\t\t<\/div>\n\t\t\t\t<section class=\"elementor-section elementor-inner-section elementor-element elementor-element-12b2359 elementor-section-boxed elementor-section-height-default elementor-section-height-default\" data-id=\"12b2359\" data-element_type=\"section\">\n\t\t\t\t\t\t<div class=\"elementor-container elementor-column-gap-default\">\n\t\t\t\t\t\t\t<div class=\"elementor-row\">\n\t\t\t\t\t<div class=\"elementor-column elementor-col-50 elementor-inner-column elementor-element elementor-element-198fe9e\" data-id=\"198fe9e\" data-element_type=\"column\">\n\t\t\t<div class=\"elementor-column-wrap elementor-element-populated\">\n\t\t\t\t\t\t\t<div class=\"elementor-widget-wrap\">\n\t\t\t\t\t\t<div class=\"elementor-element elementor-element-a7c923e elementor-widget elementor-widget-heading\" data-id=\"a7c923e\" data-element_type=\"widget\" data-widget_type=\"heading.default\">\n\t\t\t\t<div class=\"elementor-widget-container\">\n\t\t\t<h2 class=\"elementor-heading-title elementor-size-default\">Korzy\u015bci biznesowe<\/h2>\t\t<\/div>\n\t\t\t\t<\/div>\n\t\t\t\t<div class=\"elementor-element elementor-element-4e805ce elementor-widget-divider--view-line elementor-widget elementor-widget-divider\" data-id=\"4e805ce\" data-element_type=\"widget\" data-widget_type=\"divider.default\">\n\t\t\t\t<div class=\"elementor-widget-container\">\n\t\t\t\t\t<div class=\"elementor-divider\">\n\t\t\t<span class=\"elementor-divider-separator\">\n\t\t\t\t\t\t<\/span>\n\t\t<\/div>\n\t\t\t\t<\/div>\n\t\t\t\t<\/div>\n\t\t\t\t<div class=\"elementor-element elementor-element-d9ad7c3 elementor-widget elementor-widget-text-editor\" data-id=\"d9ad7c3\" data-element_type=\"widget\" data-widget_type=\"text-editor.default\">\n\t\t\t\t<div class=\"elementor-widget-container\">\n\t\t\t\t\t<div class=\"elementor-text-editor elementor-clearfix\"><p>W ostatnich latach odnotowali\u015bmy gwa\u0142towny wzrost zapotrzebowania na certyfikowane produkty koszerne. Rynek certyfikowanych produkt\u00f3w koszernych stale si\u0119 rozwija, a ich sprzeda\u017c wzros\u0142a rocznie o 15%.<\/p><p>Poprzez zdobycie certyfikatu EK, b\u0119dziesz zdolny otworzy\u0107 nowe rynki dla swoich produkt\u00f3w w Stanach Zjednoczonych, Izraelu oraz we wszystkich krajach europejskich.<\/p><p>By sprosta\u0107 temu zapotrzebowaniu, firmy z ca\u0142ego \u015bwiata pr\u00f3buj\u0105 uzyskac certyfikat koszerno\u015bci, w celu zwi\u0119kszenia oraz rozwini\u0119cia ich istniej\u0105cych rynk\u00f3w.<\/p><p>Pozyskanie certyfikatu koszerno\u015bci jest inwestycj\u0105, kt\u00f3r\u0105 Twoja firma wnosi na ten wa\u017cny i stale rozwijaj\u0105cy si\u0119 mi\u0119dzynarodowy rynek.<\/p><\/div>\n\t\t\t\t<\/div>\n\t\t\t\t<\/div>\n\t\t\t\t\t\t<\/div>\n\t\t\t\t\t<\/div>\n\t\t<\/div>\n\t\t\t\t<div class=\"elementor-column elementor-col-50 elementor-inner-column elementor-element elementor-element-3154e67\" data-id=\"3154e67\" data-element_type=\"column\">\n\t\t\t<div class=\"elementor-column-wrap elementor-element-populated\">\n\t\t\t\t\t\t\t<div class=\"elementor-widget-wrap\">\n\t\t\t\t\t\t<div class=\"elementor-element elementor-element-c361288 elementor-widget elementor-widget-heading\" data-id=\"c361288\" data-element_type=\"widget\" data-widget_type=\"heading.default\">\n\t\t\t\t<div class=\"elementor-widget-container\">\n\t\t\t<h2 class=\"elementor-heading-title elementor-size-default\">Jako\u015b\u0107 i zdrowie<\/h2>\t\t<\/div>\n\t\t\t\t<\/div>\n\t\t\t\t<div class=\"elementor-element elementor-element-bb9d673 elementor-widget-divider--view-line elementor-widget elementor-widget-divider\" data-id=\"bb9d673\" data-element_type=\"widget\" data-widget_type=\"divider.default\">\n\t\t\t\t<div class=\"elementor-widget-container\">\n\t\t\t\t\t<div class=\"elementor-divider\">\n\t\t\t<span class=\"elementor-divider-separator\">\n\t\t\t\t\t\t<\/span>\n\t\t<\/div>\n\t\t\t\t<\/div>\n\t\t\t\t<\/div>\n\t\t\t\t<div class=\"elementor-element elementor-element-867a844 elementor-widget elementor-widget-text-editor\" data-id=\"867a844\" data-element_type=\"widget\" data-widget_type=\"text-editor.default\">\n\t\t\t\t<div class=\"elementor-widget-container\">\n\t\t\t\t\t<div class=\"elementor-text-editor elementor-clearfix\"><p>Gdy posiadasz produkty certyfikowane, to oznacza, \u017ce zosta\u0142y one poddane starannym kontrolom oraz wyprodukowane z ca\u0142kowit\u0105 zgodno\u015bci\u0105 z warto\u015bciami koszernymi przy zapewnieniu najwy\u017cszej integralno\u015bci sk\u0142adnik\u00f3w i odpowiednich proces\u00f3w produkcyjnych.<\/p><p>Osoby posiadaj\u0105ce ograniczenia zdrowotne, takie jak wszelkie alergie pokarmowe, kupuj\u0105 produkty koszerne, poniewa\u017c proces certyfikacji gwarantuje, \u017ce w trakcie tworzenia danego produktu nie wprowadzono do niego nic, co nie powinno si\u0119 w nim znajdowa\u0107.<\/p><p>Niekt\u00f3re spo\u015br\u00f3d najwi\u0119kszych firm spo\u017cywczych z ca\u0142ego \u015bwiata, takich jak Coca Cola, Heinz, Kellogg&#8217;s , Nespresso, posiadaj\u0105 ju\u017c certyfikat koszerno\u015bci.<\/p><\/div>\n\t\t\t\t<\/div>\n\t\t\t\t<\/div>\n\t\t\t\t\t\t<\/div>\n\t\t\t\t\t<\/div>\n\t\t<\/div>\n\t\t\t\t\t\t\t\t<\/div>\n\t\t\t\t\t<\/div>\n\t\t<\/section>\n\t\t\t\t<div class=\"elementor-element elementor-element-2ac6cb6 elementor-mobile-align-justify elementor-widget elementor-widget-button\" data-id=\"2ac6cb6\" data-element_type=\"widget\" data-widget_type=\"button.default\">\n\t\t\t\t<div class=\"elementor-widget-container\">\n\t\t\t\t\t<div class=\"elementor-button-wrapper\">\n\t\t\t<a href=\"\/application-form\/\" class=\"elementor-button-link elementor-button elementor-size-sm\" role=\"button\">\n\t\t\t\t\t\t<span class=\"elementor-button-content-wrapper\">\n\t\t\t\t\t\t<span class=\"elementor-button-text\">Z\u0142\u00f3\u017c wniosek o certyfikat koszerno\u015bci teraz<\/span>\n\t\t<\/span>\n\t\t\t\t\t<\/a>\n\t\t<\/div>\n\t\t\t\t<\/div>\n\t\t\t\t<\/div>\n\t\t\t\t\t\t<\/div>\n\t\t\t\t\t<\/div>\n\t\t<\/div>\n\t\t\t\t\t\t\t\t<\/div>\n\t\t\t\t\t<\/div>\n\t\t<\/section>\n\t\t\t\t\t\t<\/div>\n\t\t\t\t\t\t<\/div>\n\t\t\t\t\t<\/div>\n\t\t","protected":false},"excerpt":{"rendered":"<p>Dlaczego Koszerne? Wymagania \u015bwiatowego rynku \u201eKoszerne\u201d jest s\u0142owem hebrajskim, kt\u00f3re oznacza \u201eodpowiedni\u201d, albo \u201ew\u0142a\u015bciwy\u201d. Gdy stosujemy to s\u0142owo odno\u015bnie produkt\u00f3w \u017cywnosciowych \u201ekoszerne\u201d oznacza, \u017ce okre\u015blony produkt jest zgodny z wymogami \u017cywieniowymi \u017cydowskiego prawa. Chocia\u017c s\u0142owo \u201ekoszerny\u201d odnosi si\u0119 szczeg\u00f3lnie do \u017cydowskiego prawa \u017cywieniowego, to koszerne produkty s\u0105 tak\u017ce atrakcyjne w \u015brodowisku wegetarian, muzu\u0142ma\u0144skim oraz dla [&hellip;]<\/p>\n","protected":false},"author":1,"featured_media":0,"parent":0,"menu_order":0,"comment_status":"closed","ping_status":"closed","template":"elementor_header_footer","meta":[],"_links":{"self":[{"href":"https:\/\/www.ekosher.eu\/pl\/wp-json\/wp\/v2\/pages\/500"}],"collection":[{"href":"https:\/\/www.ekosher.eu\/pl\/wp-json\/wp\/v2\/pages"}],"about":[{"href":"https:\/\/www.ekosher.eu\/pl\/wp-json\/wp\/v2\/types\/page"}],"author":[{"embeddable":true,"href":"https:\/\/www.ekosher.eu\/pl\/wp-json\/wp\/v2\/users\/1"}],"replies":[{"embeddable":true,"href":"https:\/\/www.ekosher.eu\/pl\/wp-json\/wp\/v2\/comments?post=500"}],"version-history":[{"count":7,"href":"https:\/\/www.ekosher.eu\/pl\/wp-json\/wp\/v2\/pages\/500\/revisions"}],"predecessor-version":[{"id":842,"href":"https:\/\/www.ekosher.eu\/pl\/wp-json\/wp\/v2\/pages\/500\/revisions\/842"}],"wp:attachment":[{"href":"https:\/\/www.ekosher.eu\/pl\/wp-json\/wp\/v2\/media?parent=500"}],"curies":[{"name":"wp","href":"https:\/\/api.w.org\/{rel}","templated":true}]}}