{"id":270,"date":"2020-11-16T10:56:35","date_gmt":"2020-11-16T10:56:35","guid":{"rendered":"https:\/\/www.ekosher.eu\/?page_id=270"},"modified":"2021-08-04T10:14:17","modified_gmt":"2021-08-04T10:14:17","slug":"get-a-kosher-certification-fr","status":"publish","type":"page","link":"https:\/\/www.ekosher.eu\/fr\/get-a-kosher-certification-fr\/","title":{"rendered":"Get a Kosher Certification &#8211; FR"},"content":{"rendered":"\t\t<div data-elementor-type=\"wp-page\" data-elementor-id=\"270\" class=\"elementor elementor-270 elementor-18\" data-elementor-settings=\"[]\">\n\t\t\t\t\t\t<div class=\"elementor-inner\">\n\t\t\t\t\t\t\t<div class=\"elementor-section-wrap\">\n\t\t\t\t\t\t\t<section class=\"elementor-section elementor-top-section elementor-element elementor-element-198e604 elementor-section-height-min-height elementor-section-boxed elementor-section-height-default elementor-section-items-middle\" data-id=\"198e604\" data-element_type=\"section\" data-settings=\"{&quot;background_background&quot;:&quot;classic&quot;}\">\n\t\t\t\t\t\t<div class=\"elementor-container elementor-column-gap-default\">\n\t\t\t\t\t\t\t<div class=\"elementor-row\">\n\t\t\t\t\t<div class=\"elementor-column elementor-col-100 elementor-top-column elementor-element elementor-element-699be8d\" data-id=\"699be8d\" data-element_type=\"column\">\n\t\t\t<div class=\"elementor-column-wrap\">\n\t\t\t\t\t\t\t<div class=\"elementor-widget-wrap\">\n\t\t\t\t\t\t\t\t<\/div>\n\t\t\t\t\t<\/div>\n\t\t<\/div>\n\t\t\t\t\t\t\t\t<\/div>\n\t\t\t\t\t<\/div>\n\t\t<\/section>\n\t\t\t\t<section class=\"elementor-section elementor-top-section elementor-element elementor-element-34853ec elementor-section-height-min-height elementor-section-boxed elementor-section-height-default elementor-section-items-middle\" data-id=\"34853ec\" data-element_type=\"section\">\n\t\t\t\t\t\t<div class=\"elementor-container elementor-column-gap-default\">\n\t\t\t\t\t\t\t<div class=\"elementor-row\">\n\t\t\t\t\t<div class=\"elementor-column elementor-col-100 elementor-top-column elementor-element elementor-element-cad56ae\" data-id=\"cad56ae\" data-element_type=\"column\" data-settings=\"{&quot;background_background&quot;:&quot;classic&quot;}\">\n\t\t\t<div class=\"elementor-column-wrap elementor-element-populated\">\n\t\t\t\t\t\t\t<div class=\"elementor-widget-wrap\">\n\t\t\t\t\t\t<div class=\"elementor-element elementor-element-97a7cc5 elementor-widget elementor-widget-heading\" data-id=\"97a7cc5\" data-element_type=\"widget\" data-widget_type=\"heading.default\">\n\t\t\t\t<div class=\"elementor-widget-container\">\n\t\t\t<h2 class=\"elementor-heading-title elementor-size-default\">\u00c9tapes<BR>A Suivre En Vue<BR>De La Certification<\/h2>\t\t<\/div>\n\t\t\t\t<\/div>\n\t\t\t\t<div class=\"elementor-element elementor-element-d2b2486 elementor-widget elementor-widget-heading\" data-id=\"d2b2486\" data-element_type=\"widget\" data-widget_type=\"heading.default\">\n\t\t\t\t<div class=\"elementor-widget-container\">\n\t\t\t<h2 class=\"elementor-heading-title elementor-size-default\">\u00c9tape 1 : Formulaire de candidature\n\n<\/h2>\t\t<\/div>\n\t\t\t\t<\/div>\n\t\t\t\t<div class=\"elementor-element elementor-element-5534802 elementor-widget-divider--view-line elementor-widget elementor-widget-divider\" data-id=\"5534802\" data-element_type=\"widget\" data-widget_type=\"divider.default\">\n\t\t\t\t<div class=\"elementor-widget-container\">\n\t\t\t\t\t<div class=\"elementor-divider\">\n\t\t\t<span class=\"elementor-divider-separator\">\n\t\t\t\t\t\t<\/span>\n\t\t<\/div>\n\t\t\t\t<\/div>\n\t\t\t\t<\/div>\n\t\t\t\t<div class=\"elementor-element elementor-element-fdce1af elementor-widget elementor-widget-text-editor\" data-id=\"fdce1af\" data-element_type=\"widget\" data-widget_type=\"text-editor.default\">\n\t\t\t\t<div class=\"elementor-widget-container\">\n\t\t\t\t\t<div class=\"elementor-text-editor elementor-clearfix\"><p>Pour commencer, veuillez compl\u00e9ter votre <a href=\"\/application-form\/\">formulaire de candidature<\/a> et le <a href=\"\/wp-content\/uploads\/2021\/01\/ingredientlist-word.docx\">formulaire de la liste d\u2019ingr\u00e9dients<\/a> \u00e0 <a href=\"mailto:office@ekosher.eu\">office@ekosher.eu<\/a>.<\/p><p>Plus pr\u00e9cis\u00e9ment, le formulaire de candidature requi\u00e8re des informations logistiques au sujet de votre entreprise et l\u2019usine respective. Les informations communiqu\u00e9es seront trait\u00e9es dans la plus grande confidentialit\u00e9.<\/p><p>L\u2019inscription est gratuite et n\u2019est pas juridiquement contraignante \u00e0 ce stade.<\/p><\/div>\n\t\t\t\t<\/div>\n\t\t\t\t<\/div>\n\t\t\t\t<div class=\"elementor-element elementor-element-2cbc5f7 elementor-widget elementor-widget-heading\" data-id=\"2cbc5f7\" data-element_type=\"widget\" data-widget_type=\"heading.default\">\n\t\t\t\t<div class=\"elementor-widget-container\">\n\t\t\t<h2 class=\"elementor-heading-title elementor-size-default\">\u00c9tape 2 : Evaluation et consultation\n\n<\/h2>\t\t<\/div>\n\t\t\t\t<\/div>\n\t\t\t\t<div class=\"elementor-element elementor-element-5b355b4 elementor-widget-divider--view-line elementor-widget elementor-widget-divider\" data-id=\"5b355b4\" data-element_type=\"widget\" data-widget_type=\"divider.default\">\n\t\t\t\t<div class=\"elementor-widget-container\">\n\t\t\t\t\t<div class=\"elementor-divider\">\n\t\t\t<span class=\"elementor-divider-separator\">\n\t\t\t\t\t\t<\/span>\n\t\t<\/div>\n\t\t\t\t<\/div>\n\t\t\t\t<\/div>\n\t\t\t\t<div class=\"elementor-element elementor-element-0141386 elementor-widget elementor-widget-text-editor\" data-id=\"0141386\" data-element_type=\"widget\" data-widget_type=\"text-editor.default\">\n\t\t\t\t<div class=\"elementor-widget-container\">\n\t\t\t\t\t<div class=\"elementor-text-editor elementor-clearfix\"><p>Premi\u00e8rement, nos experts vous assisteront dans votre demande de candidature. Ensuite, un rabbin expert sera nomm\u00e9 afin de g\u00e9rer et examiner vos ingr\u00e9dients et vos proc\u00e9d\u00e9s de fabrication afin de s\u2019assurer qu\u2019ils r\u00e9pondent aux standards kasher internationaux. L\u2019information que vous procurez sera utile \u00e0 nos experts afin de r\u00e9pondre aux questions \u00e9ventuelles, r\u00e9pondre \u00e0 vos besoins et vous guider dans la proc\u00e9dure de certification.<\/p><\/div>\n\t\t\t\t<\/div>\n\t\t\t\t<\/div>\n\t\t\t\t<div class=\"elementor-element elementor-element-64c0fb5 elementor-widget elementor-widget-heading\" data-id=\"64c0fb5\" data-element_type=\"widget\" data-widget_type=\"heading.default\">\n\t\t\t\t<div class=\"elementor-widget-container\">\n\t\t\t<h2 class=\"elementor-heading-title elementor-size-default\">\u00c9tape 3 : inspection initiale\n\n<\/h2>\t\t<\/div>\n\t\t\t\t<\/div>\n\t\t\t\t<div class=\"elementor-element elementor-element-7693ae5 elementor-widget-divider--view-line elementor-widget elementor-widget-divider\" data-id=\"7693ae5\" data-element_type=\"widget\" data-widget_type=\"divider.default\">\n\t\t\t\t<div class=\"elementor-widget-container\">\n\t\t\t\t\t<div class=\"elementor-divider\">\n\t\t\t<span class=\"elementor-divider-separator\">\n\t\t\t\t\t\t<\/span>\n\t\t<\/div>\n\t\t\t\t<\/div>\n\t\t\t\t<\/div>\n\t\t\t\t<div class=\"elementor-element elementor-element-9f17dc8 elementor-widget elementor-widget-text-editor\" data-id=\"9f17dc8\" data-element_type=\"widget\" data-widget_type=\"text-editor.default\">\n\t\t\t\t<div class=\"elementor-widget-container\">\n\t\t\t\t\t<div class=\"elementor-text-editor elementor-clearfix\"><p>Une visite dans vos installations de production sera \u00e0 organiser, ainsi que dans vos surfaces de stockage afin d\u2019\u00e9valuer les diff\u00e9rents processus utilis\u00e9s durant la production.<\/p><p>Un premier rapport d\u2019inspection sera ensuite fait afin d\u2019\u00eatre utilis\u00e9 par votre administrateur de kashrout afin d\u2019\u00e9tablir un bilan complet sur ce plan dans vos installations de production.<\/p><\/div>\n\t\t\t\t<\/div>\n\t\t\t\t<\/div>\n\t\t\t\t<div class=\"elementor-element elementor-element-6c648ef elementor-widget elementor-widget-heading\" data-id=\"6c648ef\" data-element_type=\"widget\" data-widget_type=\"heading.default\">\n\t\t\t\t<div class=\"elementor-widget-container\">\n\t\t\t<h2 class=\"elementor-heading-title elementor-size-default\">\u00c9tape 4 : Devis et contrat\n\n<\/h2>\t\t<\/div>\n\t\t\t\t<\/div>\n\t\t\t\t<div class=\"elementor-element elementor-element-de661b2 elementor-widget-divider--view-line elementor-widget elementor-widget-divider\" data-id=\"de661b2\" data-element_type=\"widget\" data-widget_type=\"divider.default\">\n\t\t\t\t<div class=\"elementor-widget-container\">\n\t\t\t\t\t<div class=\"elementor-divider\">\n\t\t\t<span class=\"elementor-divider-separator\">\n\t\t\t\t\t\t<\/span>\n\t\t<\/div>\n\t\t\t\t<\/div>\n\t\t\t\t<\/div>\n\t\t\t\t<div class=\"elementor-element elementor-element-4753bad elementor-widget elementor-widget-text-editor\" data-id=\"4753bad\" data-element_type=\"widget\" data-widget_type=\"text-editor.default\">\n\t\t\t\t<div class=\"elementor-widget-container\">\n\t\t\t\t\t<div class=\"elementor-text-editor elementor-clearfix\"><p>Apr\u00e8s une \u00e9valuation et l\u2019assurance que ces informations correspondent aux requis d\u2019EK et ses requis pour l\u2019octroi de la certification kasher, nous allons \u00e9tablir un contrat \u00e0 signer.<\/p><p>Des devis sont envoy\u00e9s pour un frais d\u2019inscription annuel, qui couvrira le pack de certification complet.<\/p><p>Notre prix inclurait les postes suivants :<\/p><p>\u200b<\/p><ul><li>Types d\u2019ingr\u00e9dients et la complexit\u00e9 du processus de production ;<\/li><li>Frais de voyage d\u2019EK inspection vers vos installations de production ainsi que les impl\u00e9mentations de proc\u00e9dures kasher (par ex, dans certains cas, certaines modifications du syst\u00e8me pourraient \u00eatre requises pour l\u2019octroi de la certification) ;<\/li><li>Inspection de votre usine par un repr\u00e9sentant local.<\/li><\/ul><\/div>\n\t\t\t\t<\/div>\n\t\t\t\t<\/div>\n\t\t\t\t<div class=\"elementor-element elementor-element-f1a311c elementor-widget elementor-widget-heading\" data-id=\"f1a311c\" data-element_type=\"widget\" data-widget_type=\"heading.default\">\n\t\t\t\t<div class=\"elementor-widget-container\">\n\t\t\t<h2 class=\"elementor-heading-title elementor-size-default\">\u00c9tape 5 : F\u00e9licitations!\n\n<\/h2>\t\t<\/div>\n\t\t\t\t<\/div>\n\t\t\t\t<div class=\"elementor-element elementor-element-a43049c elementor-widget-divider--view-line elementor-widget elementor-widget-divider\" data-id=\"a43049c\" data-element_type=\"widget\" data-widget_type=\"divider.default\">\n\t\t\t\t<div class=\"elementor-widget-container\">\n\t\t\t\t\t<div class=\"elementor-divider\">\n\t\t\t<span class=\"elementor-divider-separator\">\n\t\t\t\t\t\t<\/span>\n\t\t<\/div>\n\t\t\t\t<\/div>\n\t\t\t\t<\/div>\n\t\t\t\t<div class=\"elementor-element elementor-element-72e477b elementor-widget elementor-widget-text-editor\" data-id=\"72e477b\" data-element_type=\"widget\" data-widget_type=\"text-editor.default\">\n\t\t\t\t<div class=\"elementor-widget-container\">\n\t\t\t\t\t<div class=\"elementor-text-editor elementor-clearfix\"><p>D\u00e8s que tous les d\u00e9tails auront \u00e9t\u00e9 finalis\u00e9s ainsi que toutes les conditions et sujets satisfaits, nous produirons une lettre de certification autorisant \u00e0 porter l\u2019embl\u00e8me EK sur les produits agr\u00e9\u00e9s.<\/p><p>L\u2019\u00e9quipe EK reste \u00e0 votre \u00e9coute pour toute assistance ou questions suppl\u00e9mentaire.<\/p><\/div>\n\t\t\t\t<\/div>\n\t\t\t\t<\/div>\n\t\t\t\t<div class=\"elementor-element elementor-element-75081fb elementor-mobile-align-justify elementor-widget elementor-widget-button\" data-id=\"75081fb\" data-element_type=\"widget\" data-widget_type=\"button.default\">\n\t\t\t\t<div class=\"elementor-widget-container\">\n\t\t\t\t\t<div class=\"elementor-button-wrapper\">\n\t\t\t<a href=\"\/application-form\/\" class=\"elementor-button-link elementor-button elementor-size-sm\" role=\"button\">\n\t\t\t\t\t\t<span class=\"elementor-button-content-wrapper\">\n\t\t\t\t\t\t<span class=\"elementor-button-text\">Demandez un Certificat Kasher maintenant<\/span>\n\t\t<\/span>\n\t\t\t\t\t<\/a>\n\t\t<\/div>\n\t\t\t\t<\/div>\n\t\t\t\t<\/div>\n\t\t\t\t\t\t<\/div>\n\t\t\t\t\t<\/div>\n\t\t<\/div>\n\t\t\t\t\t\t\t\t<\/div>\n\t\t\t\t\t<\/div>\n\t\t<\/section>\n\t\t\t\t\t\t<\/div>\n\t\t\t\t\t\t<\/div>\n\t\t\t\t\t<\/div>\n\t\t","protected":false},"excerpt":{"rendered":"<p>\u00c9tapesA Suivre En VueDe La Certification \u00c9tape 1 : Formulaire de candidature Pour commencer, veuillez compl\u00e9ter votre formulaire de candidature et le formulaire de la liste d\u2019ingr\u00e9dients \u00e0 office@ekosher.eu. Plus pr\u00e9cis\u00e9ment, le formulaire de candidature requi\u00e8re des informations logistiques au sujet de votre entreprise et l\u2019usine respective. Les informations communiqu\u00e9es seront trait\u00e9es dans la plus [&hellip;]<\/p>\n","protected":false},"author":1,"featured_media":0,"parent":0,"menu_order":0,"comment_status":"closed","ping_status":"closed","template":"elementor_header_footer","meta":[],"_links":{"self":[{"href":"https:\/\/www.ekosher.eu\/fr\/wp-json\/wp\/v2\/pages\/270"}],"collection":[{"href":"https:\/\/www.ekosher.eu\/fr\/wp-json\/wp\/v2\/pages"}],"about":[{"href":"https:\/\/www.ekosher.eu\/fr\/wp-json\/wp\/v2\/types\/page"}],"author":[{"embeddable":true,"href":"https:\/\/www.ekosher.eu\/fr\/wp-json\/wp\/v2\/users\/1"}],"replies":[{"embeddable":true,"href":"https:\/\/www.ekosher.eu\/fr\/wp-json\/wp\/v2\/comments?post=270"}],"version-history":[{"count":14,"href":"https:\/\/www.ekosher.eu\/fr\/wp-json\/wp\/v2\/pages\/270\/revisions"}],"predecessor-version":[{"id":1208,"href":"https:\/\/www.ekosher.eu\/fr\/wp-json\/wp\/v2\/pages\/270\/revisions\/1208"}],"wp:attachment":[{"href":"https:\/\/www.ekosher.eu\/fr\/wp-json\/wp\/v2\/media?parent=270"}],"curies":[{"name":"wp","href":"https:\/\/api.w.org\/{rel}","templated":true}]}}