{"id":237,"date":"2020-11-16T10:22:47","date_gmt":"2020-11-16T10:22:47","guid":{"rendered":"https:\/\/www.ekosher.eu\/?page_id=237"},"modified":"2021-01-21T14:35:05","modified_gmt":"2021-01-21T14:35:05","slug":"about-us-fr","status":"publish","type":"page","link":"https:\/\/www.ekosher.eu\/fr\/about-us-fr\/","title":{"rendered":"About Us &#8211; FR"},"content":{"rendered":"\t\t<div data-elementor-type=\"wp-page\" data-elementor-id=\"237\" class=\"elementor elementor-237 elementor-13\" data-elementor-settings=\"[]\">\n\t\t\t\t\t\t<div class=\"elementor-inner\">\n\t\t\t\t\t\t\t<div class=\"elementor-section-wrap\">\n\t\t\t\t\t\t\t<section class=\"elementor-section elementor-top-section elementor-element elementor-element-57bc0ad elementor-section-height-min-height elementor-section-boxed elementor-section-height-default elementor-section-items-middle\" data-id=\"57bc0ad\" data-element_type=\"section\" data-settings=\"{&quot;background_background&quot;:&quot;classic&quot;}\">\n\t\t\t\t\t\t<div class=\"elementor-container elementor-column-gap-default\">\n\t\t\t\t\t\t\t<div class=\"elementor-row\">\n\t\t\t\t\t<div class=\"elementor-column elementor-col-100 elementor-top-column elementor-element elementor-element-dab5aab\" data-id=\"dab5aab\" data-element_type=\"column\">\n\t\t\t<div class=\"elementor-column-wrap\">\n\t\t\t\t\t\t\t<div class=\"elementor-widget-wrap\">\n\t\t\t\t\t\t\t\t<\/div>\n\t\t\t\t\t<\/div>\n\t\t<\/div>\n\t\t\t\t\t\t\t\t<\/div>\n\t\t\t\t\t<\/div>\n\t\t<\/section>\n\t\t\t\t<section class=\"elementor-section elementor-top-section elementor-element elementor-element-007ffdc elementor-section-height-min-height elementor-section-boxed elementor-section-height-default elementor-section-items-middle\" data-id=\"007ffdc\" data-element_type=\"section\">\n\t\t\t\t\t\t<div class=\"elementor-container elementor-column-gap-default\">\n\t\t\t\t\t\t\t<div class=\"elementor-row\">\n\t\t\t\t\t<div class=\"elementor-column elementor-col-100 elementor-top-column elementor-element elementor-element-6969757\" data-id=\"6969757\" data-element_type=\"column\" data-settings=\"{&quot;background_background&quot;:&quot;classic&quot;}\">\n\t\t\t<div class=\"elementor-column-wrap elementor-element-populated\">\n\t\t\t\t\t\t\t<div class=\"elementor-widget-wrap\">\n\t\t\t\t\t\t<div class=\"elementor-element elementor-element-f3d2133 elementor-widget elementor-widget-heading\" data-id=\"f3d2133\" data-element_type=\"widget\" data-widget_type=\"heading.default\">\n\t\t\t\t<div class=\"elementor-widget-container\">\n\t\t\t<h2 class=\"elementor-heading-title elementor-size-default\">Bienvenue \u00e0<\/h2>\t\t<\/div>\n\t\t\t\t<\/div>\n\t\t\t\t<div class=\"elementor-element elementor-element-ca8b52a elementor-widget elementor-widget-heading\" data-id=\"ca8b52a\" data-element_type=\"widget\" data-widget_type=\"heading.default\">\n\t\t\t\t<div class=\"elementor-widget-container\">\n\t\t\t<h2 class=\"elementor-heading-title elementor-size-default\">\u00c0 propos de nous<\/h2>\t\t<\/div>\n\t\t\t\t<\/div>\n\t\t\t\t<div class=\"elementor-element elementor-element-a0d8a33 elementor-widget elementor-widget-heading\" data-id=\"a0d8a33\" data-element_type=\"widget\" data-widget_type=\"heading.default\">\n\t\t\t\t<div class=\"elementor-widget-container\">\n\t\t\t<h2 class=\"elementor-heading-title elementor-size-default\">Apprenez \u00e0 nous conna\u00eetre un peu mieux...<\/h2>\t\t<\/div>\n\t\t\t\t<\/div>\n\t\t\t\t<div class=\"elementor-element elementor-element-187aa1b elementor-widget-divider--view-line elementor-widget elementor-widget-divider\" data-id=\"187aa1b\" data-element_type=\"widget\" data-widget_type=\"divider.default\">\n\t\t\t\t<div class=\"elementor-widget-container\">\n\t\t\t\t\t<div class=\"elementor-divider\">\n\t\t\t<span class=\"elementor-divider-separator\">\n\t\t\t\t\t\t<\/span>\n\t\t<\/div>\n\t\t\t\t<\/div>\n\t\t\t\t<\/div>\n\t\t\t\t<div class=\"elementor-element elementor-element-9b4973e elementor-widget elementor-widget-text-editor\" data-id=\"9b4973e\" data-element_type=\"widget\" data-widget_type=\"text-editor.default\">\n\t\t\t\t<div class=\"elementor-widget-container\">\n\t\t\t\t\t<div class=\"elementor-text-editor elementor-clearfix\"><p><strong>EK<\/strong> (European Kosher) est une agence octroyant la certification kasher et qui la supervise depuis 2007. Elle a \u00e9t\u00e9 cr\u00e9\u00e9e par le Centre Rabbinique Europ\u00e9en, une organisation de tutelle sous laquelle sont r\u00e9unis plus de 1,100 rabbins de toute l\u2019Europe.<\/p><p>\u200b<\/p><p>Le si\u00e8ge principal de l\u2019agence est situ\u00e9 \u00e0 Bruxelles, Belgique. EK op\u00e8re sous l\u2019autorit\u00e9 de la surveillance des comit\u00e9s rabbiniques et est reconnue par le Grand Rabbinat d\u2019Isra\u00ebl.<\/p><p>\u200b<\/p><p><strong>EK<\/strong> est une association sans but lucratif dont le but principal est de promouvoir et fabriquer des produits kasher accessibles aux consommateurs partout dans le monde. En cons\u00e9quence, nous pouvons offrir \u00e0 nos clients des services \u00e0 des prix raisonnables.<\/p><p>\u200b<\/p><p><strong>EK<\/strong> est membre de l\u2019Association Juive Europ\u00e9enne. Au moyen de notre vaste r\u00e9seau transr\u00e9gional rabbinique, nous sommes en mesure d\u2019offrir des solutions personnalis\u00e9es, conform\u00e9ment au niveau de certification kasher souhait\u00e9e et ainsi s\u2019adapter aux besoins de nos clients.<\/p><p>La marque EK permet d\u2019avoir l\u2019assurance que vos produits r\u00e9pondent pleinement aux standards les plus \u00e9lev\u00e9s et r\u00e8glements et seront enti\u00e8rement commercialisables, internationalement reconnus et largement accept\u00e9s.<\/p><p>\u200b<\/p><p><strong>EK<\/strong> emploie une \u00e9quipe de professionnels hautement qualifi\u00e9s qui collaborent avec des experts techniques de renomm\u00e9e mondiale, comp\u00e9tents \u00e0 la fois dans le domaine de la chimie et celui de la technologie alimentaire. Nous nous engageons \u00e0 procurer un service qui soit \u00e0 la fois hautement proactif, r\u00e9actif et utile.<\/p><p>Se voir octroy\u00e9 la certification Kasher consiste en un investissement pour votre entreprise afin d\u2019\u00e9largir sa part de march\u00e9. Nous sommes pr\u00eats \u00e0 fournir le support n\u00e9cessaire par tous les moyens en notre pouvoir afin de vous aider \u00e0 atteindre vos objectifs.<\/p><p>Notre \u00e9quipe offre une approche pratique et transparente \u00e0 l\u2019alimentation kasher et prodigue une assistance dans la r\u00e9solution de divers d\u00e9fis mis en avant dans diff\u00e9rents environnements de production.<\/p><\/div>\n\t\t\t\t<\/div>\n\t\t\t\t<\/div>\n\t\t\t\t<div class=\"elementor-element elementor-element-de4ba5c elementor-mobile-align-justify elementor-widget elementor-widget-button\" data-id=\"de4ba5c\" data-element_type=\"widget\" data-widget_type=\"button.default\">\n\t\t\t\t<div class=\"elementor-widget-container\">\n\t\t\t\t\t<div class=\"elementor-button-wrapper\">\n\t\t\t<a href=\"\/application-form\/\" class=\"elementor-button-link elementor-button elementor-size-sm\" role=\"button\">\n\t\t\t\t\t\t<span class=\"elementor-button-content-wrapper\">\n\t\t\t\t\t\t<span class=\"elementor-button-text\">Demandez un Certificat Kasher maintenant<\/span>\n\t\t<\/span>\n\t\t\t\t\t<\/a>\n\t\t<\/div>\n\t\t\t\t<\/div>\n\t\t\t\t<\/div>\n\t\t\t\t\t\t<\/div>\n\t\t\t\t\t<\/div>\n\t\t<\/div>\n\t\t\t\t\t\t\t\t<\/div>\n\t\t\t\t\t<\/div>\n\t\t<\/section>\n\t\t\t\t<section class=\"elementor-section elementor-top-section elementor-element elementor-element-8bbb62e elementor-section-boxed elementor-section-height-default elementor-section-height-default\" data-id=\"8bbb62e\" data-element_type=\"section\" data-settings=\"{&quot;background_background&quot;:&quot;classic&quot;}\">\n\t\t\t\t\t\t<div class=\"elementor-container elementor-column-gap-default\">\n\t\t\t\t\t\t\t<div class=\"elementor-row\">\n\t\t\t\t\t<div class=\"elementor-column elementor-col-100 elementor-top-column elementor-element elementor-element-7754d03\" data-id=\"7754d03\" data-element_type=\"column\">\n\t\t\t<div class=\"elementor-column-wrap elementor-element-populated\">\n\t\t\t\t\t\t\t<div class=\"elementor-widget-wrap\">\n\t\t\t\t\t\t<div class=\"elementor-element elementor-element-cebfe54 elementor-widget elementor-widget-heading\" data-id=\"cebfe54\" data-element_type=\"widget\" data-widget_type=\"heading.default\">\n\t\t\t\t<div class=\"elementor-widget-container\">\n\t\t\t<h2 class=\"elementor-heading-title elementor-size-default\">Les valeurs d\u2019EK\n\n\n\n\n<\/h2>\t\t<\/div>\n\t\t\t\t<\/div>\n\t\t\t\t<div class=\"elementor-element elementor-element-7aef6b2 elementor-widget-divider--view-line elementor-widget elementor-widget-divider\" data-id=\"7aef6b2\" data-element_type=\"widget\" data-widget_type=\"divider.default\">\n\t\t\t\t<div class=\"elementor-widget-container\">\n\t\t\t\t\t<div class=\"elementor-divider\">\n\t\t\t<span class=\"elementor-divider-separator\">\n\t\t\t\t\t\t<\/span>\n\t\t<\/div>\n\t\t\t\t<\/div>\n\t\t\t\t<\/div>\n\t\t\t\t<div class=\"elementor-element elementor-element-d1f6d5a elementor-widget elementor-widget-text-editor\" data-id=\"d1f6d5a\" data-element_type=\"widget\" data-widget_type=\"text-editor.default\">\n\t\t\t\t<div class=\"elementor-widget-container\">\n\t\t\t\t\t<div class=\"elementor-text-editor elementor-clearfix\"><p>Nous sommes convaincus des valeurs des lois relatives \u00e0 l\u2019alimentation kasher, \u00e0 l\u2019int\u00e9grit\u00e9 professionnelle et aux prestations de service que nous octroyons \u00e0 nos clients.<\/p><p>La qualit\u00e9 des produits et services d\u2019EK est consolid\u00e9e par un niveau d\u2019engagement et de confiance \u00e9lev\u00e9, mis en place entre fabricants, producteurs et consommateurs.<\/p><\/div>\n\t\t\t\t<\/div>\n\t\t\t\t<\/div>\n\t\t\t\t\t\t<\/div>\n\t\t\t\t\t<\/div>\n\t\t<\/div>\n\t\t\t\t\t\t\t\t<\/div>\n\t\t\t\t\t<\/div>\n\t\t<\/section>\n\t\t\t\t\t\t<\/div>\n\t\t\t\t\t\t<\/div>\n\t\t\t\t\t<\/div>\n\t\t","protected":false},"excerpt":{"rendered":"<p>Bienvenue \u00e0 \u00c0 propos de nous Apprenez \u00e0 nous conna\u00eetre un peu mieux&#8230; EK (European Kosher) est une agence octroyant la certification kasher et qui la supervise depuis 2007. Elle a \u00e9t\u00e9 cr\u00e9\u00e9e par le Centre Rabbinique Europ\u00e9en, une organisation de tutelle sous laquelle sont r\u00e9unis plus de 1,100 rabbins de toute l\u2019Europe. \u200b Le [&hellip;]<\/p>\n","protected":false},"author":1,"featured_media":0,"parent":0,"menu_order":0,"comment_status":"closed","ping_status":"closed","template":"elementor_header_footer","meta":[],"_links":{"self":[{"href":"https:\/\/www.ekosher.eu\/fr\/wp-json\/wp\/v2\/pages\/237"}],"collection":[{"href":"https:\/\/www.ekosher.eu\/fr\/wp-json\/wp\/v2\/pages"}],"about":[{"href":"https:\/\/www.ekosher.eu\/fr\/wp-json\/wp\/v2\/types\/page"}],"author":[{"embeddable":true,"href":"https:\/\/www.ekosher.eu\/fr\/wp-json\/wp\/v2\/users\/1"}],"replies":[{"embeddable":true,"href":"https:\/\/www.ekosher.eu\/fr\/wp-json\/wp\/v2\/comments?post=237"}],"version-history":[{"count":6,"href":"https:\/\/www.ekosher.eu\/fr\/wp-json\/wp\/v2\/pages\/237\/revisions"}],"predecessor-version":[{"id":785,"href":"https:\/\/www.ekosher.eu\/fr\/wp-json\/wp\/v2\/pages\/237\/revisions\/785"}],"wp:attachment":[{"href":"https:\/\/www.ekosher.eu\/fr\/wp-json\/wp\/v2\/media?parent=237"}],"curies":[{"name":"wp","href":"https:\/\/api.w.org\/{rel}","templated":true}]}}