{"id":546,"date":"2020-11-17T09:29:30","date_gmt":"2020-11-17T09:29:30","guid":{"rendered":"https:\/\/www.ekosher.eu\/?page_id=546"},"modified":"2021-01-21T14:46:09","modified_gmt":"2021-01-21T14:46:09","slug":"about-us-es","status":"publish","type":"page","link":"https:\/\/www.ekosher.eu\/es\/about-us-es\/","title":{"rendered":"About us &#8211; ES"},"content":{"rendered":"\t\t<div data-elementor-type=\"wp-page\" data-elementor-id=\"546\" class=\"elementor elementor-546 elementor-13\" data-elementor-settings=\"[]\">\n\t\t\t\t\t\t<div class=\"elementor-inner\">\n\t\t\t\t\t\t\t<div class=\"elementor-section-wrap\">\n\t\t\t\t\t\t\t<section class=\"elementor-section elementor-top-section elementor-element elementor-element-57bc0ad elementor-section-height-min-height elementor-section-boxed elementor-section-height-default elementor-section-items-middle\" data-id=\"57bc0ad\" data-element_type=\"section\" data-settings=\"{&quot;background_background&quot;:&quot;classic&quot;}\">\n\t\t\t\t\t\t<div class=\"elementor-container elementor-column-gap-default\">\n\t\t\t\t\t\t\t<div class=\"elementor-row\">\n\t\t\t\t\t<div class=\"elementor-column elementor-col-100 elementor-top-column elementor-element elementor-element-dab5aab\" data-id=\"dab5aab\" data-element_type=\"column\">\n\t\t\t<div class=\"elementor-column-wrap\">\n\t\t\t\t\t\t\t<div class=\"elementor-widget-wrap\">\n\t\t\t\t\t\t\t\t<\/div>\n\t\t\t\t\t<\/div>\n\t\t<\/div>\n\t\t\t\t\t\t\t\t<\/div>\n\t\t\t\t\t<\/div>\n\t\t<\/section>\n\t\t\t\t<section class=\"elementor-section elementor-top-section elementor-element elementor-element-007ffdc elementor-section-height-min-height elementor-section-boxed elementor-section-height-default elementor-section-items-middle\" data-id=\"007ffdc\" data-element_type=\"section\">\n\t\t\t\t\t\t<div class=\"elementor-container elementor-column-gap-default\">\n\t\t\t\t\t\t\t<div class=\"elementor-row\">\n\t\t\t\t\t<div class=\"elementor-column elementor-col-100 elementor-top-column elementor-element elementor-element-6969757\" data-id=\"6969757\" data-element_type=\"column\" data-settings=\"{&quot;background_background&quot;:&quot;classic&quot;}\">\n\t\t\t<div class=\"elementor-column-wrap elementor-element-populated\">\n\t\t\t\t\t\t\t<div class=\"elementor-widget-wrap\">\n\t\t\t\t\t\t<div class=\"elementor-element elementor-element-f3d2133 elementor-widget elementor-widget-heading\" data-id=\"f3d2133\" data-element_type=\"widget\" data-widget_type=\"heading.default\">\n\t\t\t\t<div class=\"elementor-widget-container\">\n\t\t\t<h2 class=\"elementor-heading-title elementor-size-default\">Bienvenido a<\/h2>\t\t<\/div>\n\t\t\t\t<\/div>\n\t\t\t\t<div class=\"elementor-element elementor-element-ca8b52a elementor-widget elementor-widget-heading\" data-id=\"ca8b52a\" data-element_type=\"widget\" data-widget_type=\"heading.default\">\n\t\t\t\t<div class=\"elementor-widget-container\">\n\t\t\t<h2 class=\"elementor-heading-title elementor-size-default\">Qui\u00e9nes Somos<\/h2>\t\t<\/div>\n\t\t\t\t<\/div>\n\t\t\t\t<div class=\"elementor-element elementor-element-a0d8a33 elementor-widget elementor-widget-heading\" data-id=\"a0d8a33\" data-element_type=\"widget\" data-widget_type=\"heading.default\">\n\t\t\t\t<div class=\"elementor-widget-container\">\n\t\t\t<h2 class=\"elementor-heading-title elementor-size-default\">Con\u00f3cenos un poco mejor...<\/h2>\t\t<\/div>\n\t\t\t\t<\/div>\n\t\t\t\t<div class=\"elementor-element elementor-element-187aa1b elementor-widget-divider--view-line elementor-widget elementor-widget-divider\" data-id=\"187aa1b\" data-element_type=\"widget\" data-widget_type=\"divider.default\">\n\t\t\t\t<div class=\"elementor-widget-container\">\n\t\t\t\t\t<div class=\"elementor-divider\">\n\t\t\t<span class=\"elementor-divider-separator\">\n\t\t\t\t\t\t<\/span>\n\t\t<\/div>\n\t\t\t\t<\/div>\n\t\t\t\t<\/div>\n\t\t\t\t<div class=\"elementor-element elementor-element-9b4973e elementor-widget elementor-widget-text-editor\" data-id=\"9b4973e\" data-element_type=\"widget\" data-widget_type=\"text-editor.default\">\n\t\t\t\t<div class=\"elementor-widget-container\">\n\t\t\t\t\t<div class=\"elementor-text-editor elementor-clearfix\"><p><strong>EK<\/strong> (European Kosher) es una agencia de certificaci\u00f3n kosher global que proporciona supervisi\u00f3n kosher desde 2007. Fue establecida por el Centro Rab\u00ednico de Europa, una organizaci\u00f3n general coordinadora que agrupa a m\u00e1s de 1.100 rabinos de toda Europa.<\/p><p>\u200bLa sede de la agencia se encuentra en Bruselas, B\u00e9lgica. EK opera bajo el liderazgo de comit\u00e9s de supervisi\u00f3n rab\u00ednica y es reconocida por el Rabinato Principal de Israel.<\/p><p><strong>EK<\/strong> es una organizaci\u00f3n sin fines de lucro cuyo objetivo principal es promover y hacer que los productos kosher sean accesibles a los consumidores de todo el mundo. Consecuentemente, podemos ofrecer servicios a nuestros clientes a precios razonables.<\/p><p><strong>EK<\/strong> es miembro de la Asociaci\u00f3n Jud\u00eda Europea. A trav\u00e9s de nuestra extensa red rab\u00ednica transregional, podemos ofrecerle soluciones personalizadas para diferentes niveles de certificaci\u00f3n kosher, adapt\u00e1ndolas as\u00ed a las necesidades de sus clientes.<\/p><p>Con el s\u00edmbolo EK, puede estar seguro de que sus productos cumplir\u00e1n con los m\u00e1s altos est\u00e1ndares y regulaciones y ser\u00e1n comercializables a nivel mundial, reconocidos internacionalmente y ampliamente aceptados.<\/p><p><strong>EK<\/strong> cuenta con un equipo de profesionales altamente cualificados que colaboran con expertos t\u00e9cnicos de primera categor\u00eda especializados tanto en qu\u00edmica como en tecnolog\u00eda alimentaria. Estamos genuinamente comprometidos con un servicio proactivo, adaptable y eficaz.<\/p><p>Obtener la certificaci\u00f3n kosher es una inversi\u00f3n que su empresa realiza para aumentar su alcance y participaci\u00f3n en el mercado. Estamos listos para apoyarle de todas las formas que podamos para ayudarle a alcanzar sus objetivos.<\/p><p>Nuestro equipo ofrece un enfoque pr\u00e1ctico y transparente para la certificaci\u00f3n de alimentos kosher y ayuda a resolver los diversos desaf\u00edos que plantean los diferentes entornos de producci\u00f3n.<\/p><\/div>\n\t\t\t\t<\/div>\n\t\t\t\t<\/div>\n\t\t\t\t<div class=\"elementor-element elementor-element-de4ba5c elementor-mobile-align-justify elementor-widget elementor-widget-button\" data-id=\"de4ba5c\" data-element_type=\"widget\" data-widget_type=\"button.default\">\n\t\t\t\t<div class=\"elementor-widget-container\">\n\t\t\t\t\t<div class=\"elementor-button-wrapper\">\n\t\t\t<a href=\"\/application-form\/\" class=\"elementor-button-link elementor-button elementor-size-sm\" role=\"button\">\n\t\t\t\t\t\t<span class=\"elementor-button-content-wrapper\">\n\t\t\t\t\t\t<span class=\"elementor-button-text\">Solicite un certificado kosher ahora<\/span>\n\t\t<\/span>\n\t\t\t\t\t<\/a>\n\t\t<\/div>\n\t\t\t\t<\/div>\n\t\t\t\t<\/div>\n\t\t\t\t\t\t<\/div>\n\t\t\t\t\t<\/div>\n\t\t<\/div>\n\t\t\t\t\t\t\t\t<\/div>\n\t\t\t\t\t<\/div>\n\t\t<\/section>\n\t\t\t\t<section class=\"elementor-section elementor-top-section elementor-element elementor-element-8bbb62e elementor-section-boxed elementor-section-height-default elementor-section-height-default\" data-id=\"8bbb62e\" data-element_type=\"section\" data-settings=\"{&quot;background_background&quot;:&quot;classic&quot;}\">\n\t\t\t\t\t\t<div class=\"elementor-container elementor-column-gap-default\">\n\t\t\t\t\t\t\t<div class=\"elementor-row\">\n\t\t\t\t\t<div class=\"elementor-column elementor-col-100 elementor-top-column elementor-element elementor-element-7754d03\" data-id=\"7754d03\" data-element_type=\"column\">\n\t\t\t<div class=\"elementor-column-wrap elementor-element-populated\">\n\t\t\t\t\t\t\t<div class=\"elementor-widget-wrap\">\n\t\t\t\t\t\t<div class=\"elementor-element elementor-element-cebfe54 elementor-widget elementor-widget-heading\" data-id=\"cebfe54\" data-element_type=\"widget\" data-widget_type=\"heading.default\">\n\t\t\t\t<div class=\"elementor-widget-container\">\n\t\t\t<h2 class=\"elementor-heading-title elementor-size-default\">EK Values<\/h2>\t\t<\/div>\n\t\t\t\t<\/div>\n\t\t\t\t<div class=\"elementor-element elementor-element-7aef6b2 elementor-widget-divider--view-line elementor-widget elementor-widget-divider\" data-id=\"7aef6b2\" data-element_type=\"widget\" data-widget_type=\"divider.default\">\n\t\t\t\t<div class=\"elementor-widget-container\">\n\t\t\t\t\t<div class=\"elementor-divider\">\n\t\t\t<span class=\"elementor-divider-separator\">\n\t\t\t\t\t\t<\/span>\n\t\t<\/div>\n\t\t\t\t<\/div>\n\t\t\t\t<\/div>\n\t\t\t\t<div class=\"elementor-element elementor-element-d1f6d5a elementor-widget elementor-widget-text-editor\" data-id=\"d1f6d5a\" data-element_type=\"widget\" data-widget_type=\"text-editor.default\">\n\t\t\t\t<div class=\"elementor-widget-container\">\n\t\t\t\t\t<div class=\"elementor-text-editor elementor-clearfix\"><p class=\"font_8\"><span class=\"color_20\">We firmly believe in the highest standards of Jewish kosher laws, professional integrity and provision of services to our customers.<\/span><\/p><p class=\"font_8\"><span class=\"color_20\">The quality of\u00a0EK\u00a0products and services is supported by our deep level of commitment and confidence established between manufacturers, producers and consumers.<\/span><\/p><\/div>\n\t\t\t\t<\/div>\n\t\t\t\t<\/div>\n\t\t\t\t\t\t<\/div>\n\t\t\t\t\t<\/div>\n\t\t<\/div>\n\t\t\t\t\t\t\t\t<\/div>\n\t\t\t\t\t<\/div>\n\t\t<\/section>\n\t\t\t\t\t\t<\/div>\n\t\t\t\t\t\t<\/div>\n\t\t\t\t\t<\/div>\n\t\t","protected":false},"excerpt":{"rendered":"<p>Bienvenido a Qui\u00e9nes Somos Con\u00f3cenos un poco mejor&#8230; EK (European Kosher) es una agencia de certificaci\u00f3n kosher global que proporciona supervisi\u00f3n kosher desde 2007. Fue establecida por el Centro Rab\u00ednico de Europa, una organizaci\u00f3n general coordinadora que agrupa a m\u00e1s de 1.100 rabinos de toda Europa. \u200bLa sede de la agencia se encuentra en Bruselas, [&hellip;]<\/p>\n","protected":false},"author":1,"featured_media":0,"parent":0,"menu_order":0,"comment_status":"closed","ping_status":"closed","template":"elementor_header_footer","meta":[],"_links":{"self":[{"href":"https:\/\/www.ekosher.eu\/es\/wp-json\/wp\/v2\/pages\/546"}],"collection":[{"href":"https:\/\/www.ekosher.eu\/es\/wp-json\/wp\/v2\/pages"}],"about":[{"href":"https:\/\/www.ekosher.eu\/es\/wp-json\/wp\/v2\/types\/page"}],"author":[{"embeddable":true,"href":"https:\/\/www.ekosher.eu\/es\/wp-json\/wp\/v2\/users\/1"}],"replies":[{"embeddable":true,"href":"https:\/\/www.ekosher.eu\/es\/wp-json\/wp\/v2\/comments?post=546"}],"version-history":[{"count":16,"href":"https:\/\/www.ekosher.eu\/es\/wp-json\/wp\/v2\/pages\/546\/revisions"}],"predecessor-version":[{"id":857,"href":"https:\/\/www.ekosher.eu\/es\/wp-json\/wp\/v2\/pages\/546\/revisions\/857"}],"wp:attachment":[{"href":"https:\/\/www.ekosher.eu\/es\/wp-json\/wp\/v2\/media?parent=546"}],"curies":[{"name":"wp","href":"https:\/\/api.w.org\/{rel}","templated":true}]}}