{"id":536,"date":"2020-11-17T09:24:59","date_gmt":"2020-11-17T09:24:59","guid":{"rendered":"https:\/\/www.ekosher.eu\/?page_id=536"},"modified":"2021-01-21T14:46:35","modified_gmt":"2021-01-21T14:46:35","slug":"why-kosher-es","status":"publish","type":"page","link":"https:\/\/www.ekosher.eu\/es\/why-kosher-es\/","title":{"rendered":"Why Kosher? &#8211; ES"},"content":{"rendered":"\t\t<div data-elementor-type=\"wp-page\" data-elementor-id=\"536\" class=\"elementor elementor-536 elementor-15\" data-elementor-settings=\"[]\">\n\t\t\t\t\t\t<div class=\"elementor-inner\">\n\t\t\t\t\t\t\t<div class=\"elementor-section-wrap\">\n\t\t\t\t\t\t\t<section class=\"elementor-section elementor-top-section elementor-element elementor-element-2bda4c0 elementor-section-height-min-height elementor-section-boxed elementor-section-height-default elementor-section-items-middle\" data-id=\"2bda4c0\" data-element_type=\"section\" data-settings=\"{&quot;background_background&quot;:&quot;classic&quot;}\">\n\t\t\t\t\t\t<div class=\"elementor-container elementor-column-gap-default\">\n\t\t\t\t\t\t\t<div class=\"elementor-row\">\n\t\t\t\t\t<div class=\"elementor-column elementor-col-100 elementor-top-column elementor-element elementor-element-3b5b1a6\" data-id=\"3b5b1a6\" data-element_type=\"column\">\n\t\t\t<div class=\"elementor-column-wrap\">\n\t\t\t\t\t\t\t<div class=\"elementor-widget-wrap\">\n\t\t\t\t\t\t\t\t<\/div>\n\t\t\t\t\t<\/div>\n\t\t<\/div>\n\t\t\t\t\t\t\t\t<\/div>\n\t\t\t\t\t<\/div>\n\t\t<\/section>\n\t\t\t\t<section class=\"elementor-section elementor-top-section elementor-element elementor-element-909cf23 elementor-section-height-min-height elementor-section-boxed elementor-section-height-default elementor-section-items-middle\" data-id=\"909cf23\" data-element_type=\"section\">\n\t\t\t\t\t\t<div class=\"elementor-container elementor-column-gap-default\">\n\t\t\t\t\t\t\t<div class=\"elementor-row\">\n\t\t\t\t\t<div class=\"elementor-column elementor-col-100 elementor-top-column elementor-element elementor-element-471144c\" data-id=\"471144c\" data-element_type=\"column\" data-settings=\"{&quot;background_background&quot;:&quot;classic&quot;}\">\n\t\t\t<div class=\"elementor-column-wrap elementor-element-populated\">\n\t\t\t\t\t\t\t<div class=\"elementor-widget-wrap\">\n\t\t\t\t\t\t<div class=\"elementor-element elementor-element-5deff51 elementor-widget elementor-widget-heading\" data-id=\"5deff51\" data-element_type=\"widget\" data-widget_type=\"heading.default\">\n\t\t\t\t<div class=\"elementor-widget-container\">\n\t\t\t<h2 class=\"elementor-heading-title elementor-size-default\">Por Qu\u00e9<BR>Kosher?<\/h2>\t\t<\/div>\n\t\t\t\t<\/div>\n\t\t\t\t<div class=\"elementor-element elementor-element-9945c70 elementor-widget elementor-widget-heading\" data-id=\"9945c70\" data-element_type=\"widget\" data-widget_type=\"heading.default\">\n\t\t\t\t<div class=\"elementor-widget-container\">\n\t\t\t<h2 class=\"elementor-heading-title elementor-size-default\">Demandas del mercado global\n\n<\/h2>\t\t<\/div>\n\t\t\t\t<\/div>\n\t\t\t\t<div class=\"elementor-element elementor-element-5965e33 elementor-widget-divider--view-line elementor-widget elementor-widget-divider\" data-id=\"5965e33\" data-element_type=\"widget\" data-widget_type=\"divider.default\">\n\t\t\t\t<div class=\"elementor-widget-container\">\n\t\t\t\t\t<div class=\"elementor-divider\">\n\t\t\t<span class=\"elementor-divider-separator\">\n\t\t\t\t\t\t<\/span>\n\t\t<\/div>\n\t\t\t\t<\/div>\n\t\t\t\t<\/div>\n\t\t\t\t<div class=\"elementor-element elementor-element-c838be1 elementor-widget elementor-widget-text-editor\" data-id=\"c838be1\" data-element_type=\"widget\" data-widget_type=\"text-editor.default\">\n\t\t\t\t<div class=\"elementor-widget-container\">\n\t\t\t\t\t<div class=\"elementor-text-editor elementor-clearfix\"><p>\u00abKosher\u00bb es una palabra hebrea que significa \u00abapto\u00bb o \u00abapropiado\u00bb. Cuando se utiliza en relaci\u00f3n con productos alimenticios, \u00abkosher\u00bb significa que el art\u00edculo en cuesti\u00f3n cumple con los requisitos diet\u00e9ticos de la ley jud\u00eda (\u00abkashrut\u00bb).<\/p><p>Aunque el t\u00e9rmino \u00abkosher\u00bb se aplica espec\u00edficamente a las leyes diet\u00e9ticas jud\u00edas, los productos kosher tambi\u00e9n atraen a la comunidad musulmana, a los vegetarianos y a muchos otros grupos de personas de todo el mundo que conf\u00edan en el s\u00edmbolo kosher y lo buscan en los alimentos que compran.<\/p><\/div>\n\t\t\t\t<\/div>\n\t\t\t\t<\/div>\n\t\t\t\t<section class=\"elementor-section elementor-inner-section elementor-element elementor-element-12b2359 elementor-section-boxed elementor-section-height-default elementor-section-height-default\" data-id=\"12b2359\" data-element_type=\"section\">\n\t\t\t\t\t\t<div class=\"elementor-container elementor-column-gap-default\">\n\t\t\t\t\t\t\t<div class=\"elementor-row\">\n\t\t\t\t\t<div class=\"elementor-column elementor-col-50 elementor-inner-column elementor-element elementor-element-198fe9e\" data-id=\"198fe9e\" data-element_type=\"column\">\n\t\t\t<div class=\"elementor-column-wrap elementor-element-populated\">\n\t\t\t\t\t\t\t<div class=\"elementor-widget-wrap\">\n\t\t\t\t\t\t<div class=\"elementor-element elementor-element-a7c923e elementor-widget elementor-widget-heading\" data-id=\"a7c923e\" data-element_type=\"widget\" data-widget_type=\"heading.default\">\n\t\t\t\t<div class=\"elementor-widget-container\">\n\t\t\t<h2 class=\"elementor-heading-title elementor-size-default\">Ventajas para la empresa<\/h2>\t\t<\/div>\n\t\t\t\t<\/div>\n\t\t\t\t<div class=\"elementor-element elementor-element-4e805ce elementor-widget-divider--view-line elementor-widget elementor-widget-divider\" data-id=\"4e805ce\" data-element_type=\"widget\" data-widget_type=\"divider.default\">\n\t\t\t\t<div class=\"elementor-widget-container\">\n\t\t\t\t\t<div class=\"elementor-divider\">\n\t\t\t<span class=\"elementor-divider-separator\">\n\t\t\t\t\t\t<\/span>\n\t\t<\/div>\n\t\t\t\t<\/div>\n\t\t\t\t<\/div>\n\t\t\t\t<div class=\"elementor-element elementor-element-d9ad7c3 elementor-widget elementor-widget-text-editor\" data-id=\"d9ad7c3\" data-element_type=\"widget\" data-widget_type=\"text-editor.default\">\n\t\t\t\t<div class=\"elementor-widget-container\">\n\t\t\t\t\t<div class=\"elementor-text-editor elementor-clearfix\"><p>En los \u00faltimos a\u00f1os, la demanda de productos certificados kosher ha aumentado de forma espectacular. Las ventas de productos certificados kosher han crecido a una tasa anual del 15% y el mercado contin\u00faa expandi\u00e9ndose.<\/p><p>Al obtener un certificado EK, usted podr\u00e1 abrir nuevos mercados para sus productos en los Estados Unidos, Israel y pa\u00edses de toda Europa.<\/p><p>Para satisfacer esta demanda, las empresas de todo el mundo est\u00e1n tratando de adquirir la certificaci\u00f3n kosher con el fin de aumentar y desarrollar sus mercados existentes.<\/p><p>Obtener una certificaci\u00f3n kosher es una inversi\u00f3n que su compa\u00f1\u00eda hace para penetrar este importante y creciente mercado internacional.<\/p><\/div>\n\t\t\t\t<\/div>\n\t\t\t\t<\/div>\n\t\t\t\t\t\t<\/div>\n\t\t\t\t\t<\/div>\n\t\t<\/div>\n\t\t\t\t<div class=\"elementor-column elementor-col-50 elementor-inner-column elementor-element elementor-element-3154e67\" data-id=\"3154e67\" data-element_type=\"column\">\n\t\t\t<div class=\"elementor-column-wrap elementor-element-populated\">\n\t\t\t\t\t\t\t<div class=\"elementor-widget-wrap\">\n\t\t\t\t\t\t<div class=\"elementor-element elementor-element-c361288 elementor-widget elementor-widget-heading\" data-id=\"c361288\" data-element_type=\"widget\" data-widget_type=\"heading.default\">\n\t\t\t\t<div class=\"elementor-widget-container\">\n\t\t\t<h2 class=\"elementor-heading-title elementor-size-default\">Calidad y salud<\/h2>\t\t<\/div>\n\t\t\t\t<\/div>\n\t\t\t\t<div class=\"elementor-element elementor-element-bb9d673 elementor-widget-divider--view-line elementor-widget elementor-widget-divider\" data-id=\"bb9d673\" data-element_type=\"widget\" data-widget_type=\"divider.default\">\n\t\t\t\t<div class=\"elementor-widget-container\">\n\t\t\t\t\t<div class=\"elementor-divider\">\n\t\t\t<span class=\"elementor-divider-separator\">\n\t\t\t\t\t\t<\/span>\n\t\t<\/div>\n\t\t\t\t<\/div>\n\t\t\t\t<\/div>\n\t\t\t\t<div class=\"elementor-element elementor-element-867a844 elementor-widget elementor-widget-text-editor\" data-id=\"867a844\" data-element_type=\"widget\" data-widget_type=\"text-editor.default\">\n\t\t\t\t<div class=\"elementor-widget-container\">\n\t\t\t\t\t<div class=\"elementor-text-editor elementor-clearfix\"><p>La certificaci\u00f3n de sus productos indica que han sido sometidos a cuidadosas inspecciones y que han sido producidos de acuerdo con los valores kosher, lo que garantiza la m\u00e1xima integridad de los ingredientes y de los respectivos procesos de fabricaci\u00f3n.<\/p><p>Las personas con limitaciones de salud tales como alergias alimentarias compran productos kosher porque el proceso de certificaci\u00f3n asegura que nada que no deber\u00eda encontrarse en un producto ha entrado en \u00e9l durante la producci\u00f3n.<\/p><p>Algunas de las compa\u00f1\u00edas de alimentos m\u00e1s grandes del mundo, como Coca Cola, Heinz, Kellogg&#8217;s , Nespresso, ya han adquirido la certificaci\u00f3n kosher.<\/p><\/div>\n\t\t\t\t<\/div>\n\t\t\t\t<\/div>\n\t\t\t\t\t\t<\/div>\n\t\t\t\t\t<\/div>\n\t\t<\/div>\n\t\t\t\t\t\t\t\t<\/div>\n\t\t\t\t\t<\/div>\n\t\t<\/section>\n\t\t\t\t<div class=\"elementor-element elementor-element-2ac6cb6 elementor-mobile-align-justify elementor-widget elementor-widget-button\" data-id=\"2ac6cb6\" data-element_type=\"widget\" data-widget_type=\"button.default\">\n\t\t\t\t<div class=\"elementor-widget-container\">\n\t\t\t\t\t<div class=\"elementor-button-wrapper\">\n\t\t\t<a href=\"\/application-form\/\" class=\"elementor-button-link elementor-button elementor-size-sm\" role=\"button\">\n\t\t\t\t\t\t<span class=\"elementor-button-content-wrapper\">\n\t\t\t\t\t\t<span class=\"elementor-button-text\">Solicite un certificado kosher ahora<\/span>\n\t\t<\/span>\n\t\t\t\t\t<\/a>\n\t\t<\/div>\n\t\t\t\t<\/div>\n\t\t\t\t<\/div>\n\t\t\t\t\t\t<\/div>\n\t\t\t\t\t<\/div>\n\t\t<\/div>\n\t\t\t\t\t\t\t\t<\/div>\n\t\t\t\t\t<\/div>\n\t\t<\/section>\n\t\t\t\t\t\t<\/div>\n\t\t\t\t\t\t<\/div>\n\t\t\t\t\t<\/div>\n\t\t","protected":false},"excerpt":{"rendered":"<p>Por Qu\u00e9Kosher? Demandas del mercado global \u00abKosher\u00bb es una palabra hebrea que significa \u00abapto\u00bb o \u00abapropiado\u00bb. Cuando se utiliza en relaci\u00f3n con productos alimenticios, \u00abkosher\u00bb significa que el art\u00edculo en cuesti\u00f3n cumple con los requisitos diet\u00e9ticos de la ley jud\u00eda (\u00abkashrut\u00bb). Aunque el t\u00e9rmino \u00abkosher\u00bb se aplica espec\u00edficamente a las leyes diet\u00e9ticas jud\u00edas, los productos [&hellip;]<\/p>\n","protected":false},"author":1,"featured_media":0,"parent":0,"menu_order":0,"comment_status":"closed","ping_status":"closed","template":"elementor_header_footer","meta":[],"_links":{"self":[{"href":"https:\/\/www.ekosher.eu\/es\/wp-json\/wp\/v2\/pages\/536"}],"collection":[{"href":"https:\/\/www.ekosher.eu\/es\/wp-json\/wp\/v2\/pages"}],"about":[{"href":"https:\/\/www.ekosher.eu\/es\/wp-json\/wp\/v2\/types\/page"}],"author":[{"embeddable":true,"href":"https:\/\/www.ekosher.eu\/es\/wp-json\/wp\/v2\/users\/1"}],"replies":[{"embeddable":true,"href":"https:\/\/www.ekosher.eu\/es\/wp-json\/wp\/v2\/comments?post=536"}],"version-history":[{"count":7,"href":"https:\/\/www.ekosher.eu\/es\/wp-json\/wp\/v2\/pages\/536\/revisions"}],"predecessor-version":[{"id":860,"href":"https:\/\/www.ekosher.eu\/es\/wp-json\/wp\/v2\/pages\/536\/revisions\/860"}],"wp:attachment":[{"href":"https:\/\/www.ekosher.eu\/es\/wp-json\/wp\/v2\/media?parent=536"}],"curies":[{"name":"wp","href":"https:\/\/api.w.org\/{rel}","templated":true}]}}