{"id":530,"date":"2020-11-17T09:18:18","date_gmt":"2020-11-17T09:18:18","guid":{"rendered":"https:\/\/www.ekosher.eu\/?page_id=530"},"modified":"2021-08-04T10:16:59","modified_gmt":"2021-08-04T10:16:59","slug":"get-a-kosher-certification-es","status":"publish","type":"page","link":"https:\/\/www.ekosher.eu\/es\/get-a-kosher-certification-es\/","title":{"rendered":"Get a Kosher Certification &#8211; ES"},"content":{"rendered":"\t\t<div data-elementor-type=\"wp-page\" data-elementor-id=\"530\" class=\"elementor elementor-530 elementor-18\" data-elementor-settings=\"[]\">\n\t\t\t\t\t\t<div class=\"elementor-inner\">\n\t\t\t\t\t\t\t<div class=\"elementor-section-wrap\">\n\t\t\t\t\t\t\t<section class=\"elementor-section elementor-top-section elementor-element elementor-element-198e604 elementor-section-height-min-height elementor-section-boxed elementor-section-height-default elementor-section-items-middle\" data-id=\"198e604\" data-element_type=\"section\" data-settings=\"{&quot;background_background&quot;:&quot;classic&quot;}\">\n\t\t\t\t\t\t<div class=\"elementor-container elementor-column-gap-default\">\n\t\t\t\t\t\t\t<div class=\"elementor-row\">\n\t\t\t\t\t<div class=\"elementor-column elementor-col-100 elementor-top-column elementor-element elementor-element-699be8d\" data-id=\"699be8d\" data-element_type=\"column\">\n\t\t\t<div class=\"elementor-column-wrap\">\n\t\t\t\t\t\t\t<div class=\"elementor-widget-wrap\">\n\t\t\t\t\t\t\t\t<\/div>\n\t\t\t\t\t<\/div>\n\t\t<\/div>\n\t\t\t\t\t\t\t\t<\/div>\n\t\t\t\t\t<\/div>\n\t\t<\/section>\n\t\t\t\t<section class=\"elementor-section elementor-top-section elementor-element elementor-element-34853ec elementor-section-height-min-height elementor-section-boxed elementor-section-height-default elementor-section-items-middle\" data-id=\"34853ec\" data-element_type=\"section\">\n\t\t\t\t\t\t<div class=\"elementor-container elementor-column-gap-default\">\n\t\t\t\t\t\t\t<div class=\"elementor-row\">\n\t\t\t\t\t<div class=\"elementor-column elementor-col-100 elementor-top-column elementor-element elementor-element-cad56ae\" data-id=\"cad56ae\" data-element_type=\"column\" data-settings=\"{&quot;background_background&quot;:&quot;classic&quot;}\">\n\t\t\t<div class=\"elementor-column-wrap elementor-element-populated\">\n\t\t\t\t\t\t\t<div class=\"elementor-widget-wrap\">\n\t\t\t\t\t\t<div class=\"elementor-element elementor-element-97a7cc5 elementor-widget elementor-widget-heading\" data-id=\"97a7cc5\" data-element_type=\"widget\" data-widget_type=\"heading.default\">\n\t\t\t\t<div class=\"elementor-widget-container\">\n\t\t\t<h2 class=\"elementor-heading-title elementor-size-default\">Pasos<BR>Para Obtener<BR>La Certificaci\u00f3n<\/h2>\t\t<\/div>\n\t\t\t\t<\/div>\n\t\t\t\t<div class=\"elementor-element elementor-element-d2b2486 elementor-widget elementor-widget-heading\" data-id=\"d2b2486\" data-element_type=\"widget\" data-widget_type=\"heading.default\">\n\t\t\t\t<div class=\"elementor-widget-container\">\n\t\t\t<h2 class=\"elementor-heading-title elementor-size-default\">Paso 1: Formulario de solicitud\n\n<\/h2>\t\t<\/div>\n\t\t\t\t<\/div>\n\t\t\t\t<div class=\"elementor-element elementor-element-5534802 elementor-widget-divider--view-line elementor-widget elementor-widget-divider\" data-id=\"5534802\" data-element_type=\"widget\" data-widget_type=\"divider.default\">\n\t\t\t\t<div class=\"elementor-widget-container\">\n\t\t\t\t\t<div class=\"elementor-divider\">\n\t\t\t<span class=\"elementor-divider-separator\">\n\t\t\t\t\t\t<\/span>\n\t\t<\/div>\n\t\t\t\t<\/div>\n\t\t\t\t<\/div>\n\t\t\t\t<div class=\"elementor-element elementor-element-fdce1af elementor-widget elementor-widget-text-editor\" data-id=\"fdce1af\" data-element_type=\"widget\" data-widget_type=\"text-editor.default\">\n\t\t\t\t<div class=\"elementor-widget-container\">\n\t\t\t\t\t<div class=\"elementor-text-editor elementor-clearfix\"><p>Para empezar, por favor rellene y env\u00edenos su <a href=\"\/application-form\/\">formulario de solicitud<\/a> y la <a href=\"\/wp-content\/uploads\/2021\/01\/ingredientlist-word.docx\">lista de ingredientes<\/a> a <a href=\"mailto:office@ekosher.eu\">office@ekosher.eu<\/a>.<\/p><p>En particular, el formulario de solicitud requiere informaci\u00f3n log\u00edstica sobre su empresa y la f\u00e1brica respectiva. La informaci\u00f3n que usted env\u00ede ser\u00e1 tratada con la m\u00e1s estricta confidencialidad.<\/p><p>No hay ninguna tasa de solicitud ni ninguna obligaci\u00f3n jur\u00eddicamente vinculante en esta fase.<\/p><\/div>\n\t\t\t\t<\/div>\n\t\t\t\t<\/div>\n\t\t\t\t<div class=\"elementor-element elementor-element-2cbc5f7 elementor-widget elementor-widget-heading\" data-id=\"2cbc5f7\" data-element_type=\"widget\" data-widget_type=\"heading.default\">\n\t\t\t\t<div class=\"elementor-widget-container\">\n\t\t\t<h2 class=\"elementor-heading-title elementor-size-default\">Paso 2: Evaluaci\u00f3n y consulta<\/h2>\t\t<\/div>\n\t\t\t\t<\/div>\n\t\t\t\t<div class=\"elementor-element elementor-element-5b355b4 elementor-widget-divider--view-line elementor-widget elementor-widget-divider\" data-id=\"5b355b4\" data-element_type=\"widget\" data-widget_type=\"divider.default\">\n\t\t\t\t<div class=\"elementor-widget-container\">\n\t\t\t\t\t<div class=\"elementor-divider\">\n\t\t\t<span class=\"elementor-divider-separator\">\n\t\t\t\t\t\t<\/span>\n\t\t<\/div>\n\t\t\t\t<\/div>\n\t\t\t\t<\/div>\n\t\t\t\t<div class=\"elementor-element elementor-element-0141386 elementor-widget elementor-widget-text-editor\" data-id=\"0141386\" data-element_type=\"widget\" data-widget_type=\"text-editor.default\">\n\t\t\t\t<div class=\"elementor-widget-container\">\n\t\t\t\t\t<div class=\"elementor-text-editor elementor-clearfix\"><p>En primer lugar, nuestros expertos evaluar\u00e1n su solicitud. Luego, se asignar\u00e1 un rabino experto para manejar y revisar sus ingredientes y proceso de fabricaci\u00f3n para asegurar que cumplan con las normas kosher internacionales. La informaci\u00f3n que usted proporcione ayudar\u00e1 a nuestros expertos a aclarar cualquier duda que pueda tener, atender a sus necesidades y guiarlo a trav\u00e9s del proceso de certificaci\u00f3n.<\/p><\/div>\n\t\t\t\t<\/div>\n\t\t\t\t<\/div>\n\t\t\t\t<div class=\"elementor-element elementor-element-64c0fb5 elementor-widget elementor-widget-heading\" data-id=\"64c0fb5\" data-element_type=\"widget\" data-widget_type=\"heading.default\">\n\t\t\t\t<div class=\"elementor-widget-container\">\n\t\t\t<h2 class=\"elementor-heading-title elementor-size-default\">Paso 3: Inspecci\u00f3n inicial\n\n<\/h2>\t\t<\/div>\n\t\t\t\t<\/div>\n\t\t\t\t<div class=\"elementor-element elementor-element-7693ae5 elementor-widget-divider--view-line elementor-widget elementor-widget-divider\" data-id=\"7693ae5\" data-element_type=\"widget\" data-widget_type=\"divider.default\">\n\t\t\t\t<div class=\"elementor-widget-container\">\n\t\t\t\t\t<div class=\"elementor-divider\">\n\t\t\t<span class=\"elementor-divider-separator\">\n\t\t\t\t\t\t<\/span>\n\t\t<\/div>\n\t\t\t\t<\/div>\n\t\t\t\t<\/div>\n\t\t\t\t<div class=\"elementor-element elementor-element-9f17dc8 elementor-widget elementor-widget-text-editor\" data-id=\"9f17dc8\" data-element_type=\"widget\" data-widget_type=\"text-editor.default\">\n\t\t\t\t<div class=\"elementor-widget-container\">\n\t\t\t\t\t<div class=\"elementor-text-editor elementor-clearfix\"><p>Se organizar\u00e1 una visita para una inspecci\u00f3n inicial de las plantas de fabricaci\u00f3n y los almacenes de su empresa con el fin de evaluar los diversos procedimientos empleados durante la producci\u00f3n. A continuaci\u00f3n, se elaborar\u00e1 un informe de inspecci\u00f3n inicial, que ser\u00e1 utilizado por su administrador de kashrut para un estudio completo de sus instalaciones de producci\u00f3n desde el punto de vista de la kashrut.<\/p><\/div>\n\t\t\t\t<\/div>\n\t\t\t\t<\/div>\n\t\t\t\t<div class=\"elementor-element elementor-element-6c648ef elementor-widget elementor-widget-heading\" data-id=\"6c648ef\" data-element_type=\"widget\" data-widget_type=\"heading.default\">\n\t\t\t\t<div class=\"elementor-widget-container\">\n\t\t\t<h2 class=\"elementor-heading-title elementor-size-default\">Paso 4: Presupuesto y contrato<\/h2>\t\t<\/div>\n\t\t\t\t<\/div>\n\t\t\t\t<div class=\"elementor-element elementor-element-de661b2 elementor-widget-divider--view-line elementor-widget elementor-widget-divider\" data-id=\"de661b2\" data-element_type=\"widget\" data-widget_type=\"divider.default\">\n\t\t\t\t<div class=\"elementor-widget-container\">\n\t\t\t\t\t<div class=\"elementor-divider\">\n\t\t\t<span class=\"elementor-divider-separator\">\n\t\t\t\t\t\t<\/span>\n\t\t<\/div>\n\t\t\t\t<\/div>\n\t\t\t\t<\/div>\n\t\t\t\t<div class=\"elementor-element elementor-element-4753bad elementor-widget elementor-widget-text-editor\" data-id=\"4753bad\" data-element_type=\"widget\" data-widget_type=\"text-editor.default\">\n\t\t\t\t<div class=\"elementor-widget-container\">\n\t\t\t\t\t<div class=\"elementor-text-editor elementor-clearfix\"><p>Despu\u00e9s de evaluar y comprobar que su informaci\u00f3n cumple con todos los requisitos de EK para la certificaci\u00f3n kosher, le enviaremos un contrato para su firma.<\/p><p>Las cotizaciones se dan como una tasa anual, que cubre todo nuestro paquete de certificaci\u00f3n.<\/p><p>Nuestra tasa puede incluir los siguientes components:<\/p><ul><li>\u200bTipos de ingredientes y complejidad del proceso de fabricaci\u00f3n;<\/li><li>Gastos de viaje para la inspecci\u00f3n de EK en sus plantas de producci\u00f3n y procedimientos de kashrut implementados (por ejemplo, en algunos casos pueden requerirse ciertas modificaciones del sistema para otorgar la certificaci\u00f3n);<\/li><li>Inspecci\u00f3n de su f\u00e1brica por un representante local.<\/li><\/ul><\/div>\n\t\t\t\t<\/div>\n\t\t\t\t<\/div>\n\t\t\t\t<div class=\"elementor-element elementor-element-f1a311c elementor-widget elementor-widget-heading\" data-id=\"f1a311c\" data-element_type=\"widget\" data-widget_type=\"heading.default\">\n\t\t\t\t<div class=\"elementor-widget-container\">\n\t\t\t<h2 class=\"elementor-heading-title elementor-size-default\">Paso 5: \u00a1Enhorabuena!<\/h2>\t\t<\/div>\n\t\t\t\t<\/div>\n\t\t\t\t<div class=\"elementor-element elementor-element-a43049c elementor-widget-divider--view-line elementor-widget elementor-widget-divider\" data-id=\"a43049c\" data-element_type=\"widget\" data-widget_type=\"divider.default\">\n\t\t\t\t<div class=\"elementor-widget-container\">\n\t\t\t\t\t<div class=\"elementor-divider\">\n\t\t\t<span class=\"elementor-divider-separator\">\n\t\t\t\t\t\t<\/span>\n\t\t<\/div>\n\t\t\t\t<\/div>\n\t\t\t\t<\/div>\n\t\t\t\t<div class=\"elementor-element elementor-element-72e477b elementor-widget elementor-widget-text-editor\" data-id=\"72e477b\" data-element_type=\"widget\" data-widget_type=\"text-editor.default\">\n\t\t\t\t<div class=\"elementor-widget-container\">\n\t\t\t\t\t<div class=\"elementor-text-editor elementor-clearfix\">Una vez que todos los detalles hayan sido ultimados, todas las condiciones hayan sido satisfechas y todos los problemas hayan sido resueltos, emitiremos una carta de certificaci\u00f3n que autorizar\u00e1 el uso del s\u00edmbolo EK en los productos aprobados.\n\nEl equipo de EK est\u00e1 a su servicio para ayudarle con cualquier necesidad que pueda tener.<\/div>\n\t\t\t\t<\/div>\n\t\t\t\t<\/div>\n\t\t\t\t<div class=\"elementor-element elementor-element-75081fb elementor-mobile-align-justify elementor-widget elementor-widget-button\" data-id=\"75081fb\" data-element_type=\"widget\" data-widget_type=\"button.default\">\n\t\t\t\t<div class=\"elementor-widget-container\">\n\t\t\t\t\t<div class=\"elementor-button-wrapper\">\n\t\t\t<a href=\"\/application-form\/\" class=\"elementor-button-link elementor-button elementor-size-sm\" role=\"button\">\n\t\t\t\t\t\t<span class=\"elementor-button-content-wrapper\">\n\t\t\t\t\t\t<span class=\"elementor-button-text\">Solicite un certificado kosher ahora<\/span>\n\t\t<\/span>\n\t\t\t\t\t<\/a>\n\t\t<\/div>\n\t\t\t\t<\/div>\n\t\t\t\t<\/div>\n\t\t\t\t\t\t<\/div>\n\t\t\t\t\t<\/div>\n\t\t<\/div>\n\t\t\t\t\t\t\t\t<\/div>\n\t\t\t\t\t<\/div>\n\t\t<\/section>\n\t\t\t\t\t\t<\/div>\n\t\t\t\t\t\t<\/div>\n\t\t\t\t\t<\/div>\n\t\t","protected":false},"excerpt":{"rendered":"<p>PasosPara ObtenerLa Certificaci\u00f3n Paso 1: Formulario de solicitud Para empezar, por favor rellene y env\u00edenos su formulario de solicitud y la lista de ingredientes a office@ekosher.eu. En particular, el formulario de solicitud requiere informaci\u00f3n log\u00edstica sobre su empresa y la f\u00e1brica respectiva. La informaci\u00f3n que usted env\u00ede ser\u00e1 tratada con la m\u00e1s estricta confidencialidad. No [&hellip;]<\/p>\n","protected":false},"author":1,"featured_media":0,"parent":0,"menu_order":0,"comment_status":"closed","ping_status":"closed","template":"elementor_header_footer","meta":[],"_links":{"self":[{"href":"https:\/\/www.ekosher.eu\/es\/wp-json\/wp\/v2\/pages\/530"}],"collection":[{"href":"https:\/\/www.ekosher.eu\/es\/wp-json\/wp\/v2\/pages"}],"about":[{"href":"https:\/\/www.ekosher.eu\/es\/wp-json\/wp\/v2\/types\/page"}],"author":[{"embeddable":true,"href":"https:\/\/www.ekosher.eu\/es\/wp-json\/wp\/v2\/users\/1"}],"replies":[{"embeddable":true,"href":"https:\/\/www.ekosher.eu\/es\/wp-json\/wp\/v2\/comments?post=530"}],"version-history":[{"count":13,"href":"https:\/\/www.ekosher.eu\/es\/wp-json\/wp\/v2\/pages\/530\/revisions"}],"predecessor-version":[{"id":1217,"href":"https:\/\/www.ekosher.eu\/es\/wp-json\/wp\/v2\/pages\/530\/revisions\/1217"}],"wp:attachment":[{"href":"https:\/\/www.ekosher.eu\/es\/wp-json\/wp\/v2\/media?parent=530"}],"curies":[{"name":"wp","href":"https:\/\/api.w.org\/{rel}","templated":true}]}}